{"id":116,"date":"2017-07-03T17:39:31","date_gmt":"2017-07-03T15:39:31","guid":{"rendered":"http:\/\/www.alkiralodge-alghero.com\/?page_id=116"},"modified":"2021-04-27T18:22:42","modified_gmt":"2021-04-27T16:22:42","slug":"servizi","status":"publish","type":"page","link":"https:\/\/www.alkiralodge-alghero.com\/it\/servizi\/","title":{"rendered":"Servizi"},"content":{"rendered":"[vc_row][vc_column][vc_column_text]<strong>Comodit\u00e0 <\/strong>e <strong>chiarezza<\/strong> sono valori importanti per la nostra famiglia.<br \/>\nPer questo, in tutti gli appartamenti dell\u2019Alkira Lodge trovi le stesse condizioni -sia in termini di benefits di soggiorno che di trasparenza nel prezzo- che amiamo ricevere noi quando siamo in viaggio.[\/vc_column_text]\n<blockquote>\n    <p><em>\"Appartamenti completi di tutto, con tutto incluso in tariffa. \"<\/em><\/p>\n    <span><\/span>\n<\/blockquote>[vc_column_text]Ogni appartamento ti aprir\u00e0 le porte in <strong>un ambiente comodo e accogliente in cui non devi preoccuparti di nulla<\/strong>: in tutti, infatti, trovi tutto ci\u00f2 che serve per star bene in casa e rendere semplice la vacanza.<br \/>\nCon la tranquillit\u00e0 di sapere da subito cosa spendi: niente sorprese e costi aggiuntivi (esclusi pochi extra a pagamento) perch\u00e9 <strong>tutti i servizi sono gi\u00e0 inclusi nel prezzo della prenotazione<\/strong>.[\/vc_column_text][\/vc_column][\/vc_row][vc_row][vc_column]\n        <h2 class=\"lined-heading mt50\">\n            <span>\n            Servizi &amp; Facilities Gratuiti\n            <\/span>\n        <\/h2>\n        [\/vc_column][\/vc_row][vc_row][vc_column]\n        <h3 class=\"lined-heading mt50\">\n            <span>\n            Casa\n            <\/span>\n        <\/h3>\n        [\/vc_column][\/vc_row][vc_row][vc_column][vc_column_text]\n<ul>\n<li>Wi-Fi gratuito in tutta la casa<\/li>\n<li>TV Color 32\u201d con digitale terrestre<\/li>\n<li>Divano (divano letto nell\u2019appartamento <a href=\"https:\/\/www.alkiralodge-alghero.com\/it\/room\/talia\/\"><u>Talia<\/u>)<\/a><\/li>\n<li>Cassaforte<\/li>\n<li>Tavolo e sedie<\/li>\n<li>Aria condizionata<\/li>\n<li>Ventilatore (su richiesta)<\/li>\n<\/ul>\n[\/vc_column_text][\/vc_column][\/vc_row][vc_row][vc_column]\n        <h3 class=\"lined-heading mt50\">\n            <span>\n            Cucina\n            <\/span>\n        <\/h3>\n        [vc_column_text]\n<ul>\n<li>Forno elettrico<\/li>\n<li>Forno a microonde<\/li>\n<li>Frigo e freezer<\/li>\n<li>Piano cottura a induzione + cappa aspirante<\/li>\n<li>Bollitore<\/li>\n<li>Tostapane<\/li>\n<li>Macchina caff\u00e8 Lavazza Express<\/li>\n<li>Kit completo vasellame e utensili cucina (piatti, bicchieri, tazze, pentole, mestoli, moka\u2026)<\/li>\n<li>Set biancheria per cucina e tavola (strofinacci, asciugapiatti, presine, tovagliette)<\/li>\n<li>Pattumiera<\/li>\n<\/ul>\n[\/vc_column_text]\n        <h3 class=\"lined-heading mt50\">\n            <span>\n            Bagno\n            <\/span>\n        <\/h3>\n        [vc_column_text]\n<ul>\n<li>Doccia, lavabo, WC e bidet<\/li>\n<li>Asciugamani e teli doccia<\/li>\n<li>Asciugacapelli<\/li>\n<\/ul>\n[\/vc_column_text]\n        <h3 class=\"lined-heading mt50\">\n            <span>\n            Letto\n            <\/span>\n        <\/h3>\n        [vc_column_text]\n<ul>\n<li>Biancheria letto (lenzuola e coperte)<\/li>\n<li>Cuscini<\/li>\n<\/ul>\n[\/vc_column_text]\n        <h3 class=\"lined-heading mt50\">\n            <span>\n            Pulizie &amp; Stiro\n            <\/span>\n        <\/h3>\n        [vc_column_text]\n<ul>\n<li>Lavatrice<\/li>\n<li>Stendibiancheria<\/li>\n<li>Asse e ferro da stiro<\/li>\n<li>Kit pulizie casa (no detersivi)<\/li>\n<\/ul>\n[\/vc_column_text]\n        <h3 class=\"lined-heading mt50\">\n            <span>\n            Terrazzi\n            <\/span>\n        <\/h3>\n        [vc_column_text]\n<ul>\n<li>Tavolo, sedie o poltroncine per esterni<\/li>\n<li>Tende da sole<\/li>\n<\/ul>\n[\/vc_column_text]\n        <h3 class=\"lined-heading mt50\">\n            <span>\n            Altri Benefits\n            <\/span>\n        <\/h3>\n        [vc_column_text]\n<ul>\n<li>Ampio parcheggio pubblico gratuito nella piazzetta adiacente<\/li>\n<li>Mappa di Alghero con indicazione principali punti di interesse turistici<\/li>\n<li>Depliant con informazioni turistiche sulla Riviera del Corallo<\/li>\n<li>Accoglienza multilingue (italiano, inglese, tedesco e francese)<\/li>\n<li>Help 24 H per richieste e\/o esigenze straordinarie<\/li>\n<\/ul>\n[\/vc_column_text][\/vc_column][\/vc_row][vc_row][vc_column]\n        <h2 class=\"lined-heading mt50\">\n            <span>\n            Servizi EXTRA\n            <\/span>\n        <\/h2>\n        \n        <h3 class=\"lined-heading mt50\">\n            <span>\n            Servizi extra a pagamento\n            <\/span>\n        <\/h3>\n        [vc_column_text]\n<ul>\n<li>Pulizie finali: \u20ac 60 (obbligatorio)<\/li>\n<li>Pulizia angolo cottura: \u20ac 30<\/li>\n<li>Transfer da \/ per Aeroporto Alghero (da \u20ac 25 a \u20ac 30 a tratta, su richiesta)<\/li>\n<li>Culla (su richiesta, per bambini fino a 2 anni): \u20ac 5 al giorno \/ \u20ac 20 a settimana<\/li>\n<li>Cambio biancheria (su richiesta, \u20ac 10 p.p. a cambio)<\/li>\n<\/ul>\n[\/vc_column_text][\/vc_column][\/vc_row][vc_section][\/vc_section]\n","protected":false},"excerpt":{"rendered":"<p>[vc_row][vc_column][vc_column_text]Comodit\u00e0 e chiarezza sono valori importanti per la nostra famiglia. Per questo, in tutti gli appartamenti dell\u2019Alkira Lodge trovi le stesse condizioni -sia in termini di benefits di soggiorno che di trasparenza nel prezzo- che amiamo ricevere noi quando siamo in viaggio.[\/vc_column_text][vc_column_text]Ogni appartamento ti aprir\u00e0 le porte in un ambiente comodo e accogliente in cui [&hellip;]<\/p>\n","protected":false},"author":1,"featured_media":0,"parent":0,"menu_order":0,"comment_status":"closed","ping_status":"closed","template":"","meta":{"footnotes":""},"class_list":["post-116","page","type-page","status-publish","hentry"],"_links":{"self":[{"href":"https:\/\/www.alkiralodge-alghero.com\/it\/wp-json\/wp\/v2\/pages\/116"}],"collection":[{"href":"https:\/\/www.alkiralodge-alghero.com\/it\/wp-json\/wp\/v2\/pages"}],"about":[{"href":"https:\/\/www.alkiralodge-alghero.com\/it\/wp-json\/wp\/v2\/types\/page"}],"author":[{"embeddable":true,"href":"https:\/\/www.alkiralodge-alghero.com\/it\/wp-json\/wp\/v2\/users\/1"}],"replies":[{"embeddable":true,"href":"https:\/\/www.alkiralodge-alghero.com\/it\/wp-json\/wp\/v2\/comments?post=116"}],"version-history":[{"count":20,"href":"https:\/\/www.alkiralodge-alghero.com\/it\/wp-json\/wp\/v2\/pages\/116\/revisions"}],"predecessor-version":[{"id":993,"href":"https:\/\/www.alkiralodge-alghero.com\/it\/wp-json\/wp\/v2\/pages\/116\/revisions\/993"}],"wp:attachment":[{"href":"https:\/\/www.alkiralodge-alghero.com\/it\/wp-json\/wp\/v2\/media?parent=116"}],"curies":[{"name":"wp","href":"https:\/\/api.w.org\/{rel}","templated":true}]}}