{"id":23,"date":"2017-06-21T01:16:23","date_gmt":"2017-06-20T23:16:23","guid":{"rendered":"http:\/\/www.alkiralodge-alghero.com\/?page_id=23"},"modified":"2021-04-23T19:32:27","modified_gmt":"2021-04-23T17:32:27","slug":"f-a-q","status":"publish","type":"page","link":"https:\/\/www.alkiralodge-alghero.com\/it\/f-a-q\/","title":{"rendered":"F.A.Q. (Domande Frequenti)"},"content":{"rendered":"[vc_row][vc_column]\n        <h2 class=\"lined-heading mt50\">\n            <span>\n            Appartamenti e Posizione\n            <\/span>\n        <\/h2>\n        [vc_toggle title=&#8221;Di quanti appartamenti dispone il Lodge?&#8221;]Alkira Lodge \u00e8 una piccola palazzina di 3 piani con 4 appartamenti disponibili per l\u2019affitto: 3 trilocali (<a href=\"https:\/\/www.alkiralodge-alghero.com\/it\/room\/iluka\/\">Iluka<\/a>, <a href=\"https:\/\/www.alkiralodge-alghero.com\/it\/room\/kirra\/\">Kirra,<\/a> <a href=\"https:\/\/www.alkiralodge-alghero.com\/it\/room\/tau\/\">Tau<\/a>) e un bilocale (<a href=\"https:\/\/www.alkiralodge-alghero.com\/it\/room\/talia\/\">Talia<\/a>).[\/vc_toggle][vc_toggle title=&#8221;Dove si trova il Lodge?&#8221;]La palazzina si trova in una tranquilla zona residenziale con parecchio verde e poco rumore (fra <a href=\"https:\/\/www.alkiralodge-alghero.com\/it\/la-posizione\/\">via Txu Terrat e via Toda<\/a>), a poco pi\u00f9 di 1 km dal centro storico e dal porto di Alghero (15 minuti a piedi) e a 500 mt dalla spiaggia urbana di Las Tronas. <a href=\"https:\/\/www.alkiralodge-alghero.com\/it\/la-posizione\/\">Vedi mappa.<\/a>[\/vc_toggle][vc_toggle title=&#8221;E\u2019 facile trovare parcheggio vicino casa?&#8221;]S\u00ec. Numerosi i posteggi gratuiti disponibili nella piazzetta Cao, dirimpetto al Lodge.[\/vc_toggle][vc_toggle title=&#8221;Gli appartamenti hanno terrazzi con vista mare?&#8221;]Tutti gli appartamenti dispongono di uno o pi\u00f9 terrazzi, arredati con tavolo, sedie o poltroncine. Dall\u2019<a href=\"https:\/\/www.alkiralodge-alghero.com\/it\/room\/iluka\/\">Iluka<\/a>, inoltre, si pu\u00f2 godere del bel panorama sul mare e su Capo Caccia.[\/vc_toggle][vc_toggle title=&#8221;Come sono arredati gli appartamenti?&#8221;]Gli appartamenti -interamente ristrutturati nel 2016- dispongono di nuovi arredi moderni e funzionali, e sono accessoriati di tutto, dal Wi-fi a Tv, climatizzatore, cassaforte, lavatrice, biancheria\u2026[\/vc_toggle][\/vc_column][\/vc_row][vc_row][vc_column]\n        <h2 class=\"lined-heading mt50\">\n            <span>\n            Servizi\n            <\/span>\n        <\/h2>\n        [vc_toggle title=&#8221;Quali sono i servizi inclusi nella tariffa di soggiorno?&#8221;]Ogni appartamento \u00e8 praticamente completo di tutti i comfort, gi\u00e0 compresi nel prezzo che paghi per il soggiorno. <a href=\"https:\/\/www.alkiralodge-alghero.com\/it\/servizi\/\">Vedi elenco completo servizi inclusi<\/a>.[\/vc_toggle][vc_toggle title=&#8221;Ci sono servizi extra a pagamento?&#8221;]L\u2019unico costo extra obbligatorio \u00e8 quello per le pulizie finali (\u20ac 60).<\/p>\n<p>La pulizia dell&#8217;angolo cottura \u00e8 esclusa dal prezzo ed \u00e8 cura del cliente. Qualora voleste usufruire del servizio di pulizie finale\u00a0dell&#8217;angolo cottura, il costo \u00e8 di \u20ac30,00.<\/p>\n<p>Su richiesta, inoltre, disponibile il servizio transfer da \/ per Aeroporto Alghero (da \u20ac 25 a \u20ac 30 a tratta), culla per bambini (\u20ac 5 al giorno \/ \u20ac 20 a settimana), cambio biancheria (\u20ac 10 p.p. per cambio).[\/vc_toggle][vc_toggle title=&#8221;\u00c8 prevista una tassa di soggiorno?&#8221;]S\u00ec. Cos\u00ec come previsto dal Comune di Alghero, al momento del check in chiediamo agli ospiti il versamento relativo all\u2019imposta di soggiorno. Queste le tariffe per il 2021 per un numero massimo di 7 notti consecutive: \u20ac 0,50 per persona \/ al giorno, bambini fino agli 11 anni esenti.[\/vc_toggle][\/vc_column][\/vc_row][vc_row][vc_column]\n        <h2 class=\"lined-heading mt50\">\n            <span>\n            Condizioni di Soggiorno\n            <\/span>\n        <\/h2>\n        [vc_toggle title=&#8221;Quali sono gli orari di check in e check out?&#8221;]Check in fra le h. 15 e le h. 19; check out entro le h. 10. Eventuali <em>late check in<\/em> o <em>late check out<\/em> da concordare in anticipo coi padroni di casa.[\/vc_toggle][vc_toggle title=&#8221;Qual \u00e8 il soggiorno minimo?&#8221;]Da settembre a giugno: 3 giorni; luglio e agosto: 7 giorni.[\/vc_toggle][vc_toggle title=&#8221;Ci sono sconti per i bambini?&#8221;]S\u00ec: fino ai 2 anni i bambini non pagano (su richiesta, disponibile culla a pagamento: \u20ac 5 al giorno \/ \u20ac 20 a settimana).[\/vc_toggle][vc_toggle title=&#8221;Accettate animali?&#8221;]S\u00ec, accettiamo animali di piccola taglia.[\/vc_toggle][\/vc_column][\/vc_row][vc_row][vc_column]\n        <h2 class=\"lined-heading mt50\">\n            <span>\n            Accoglienza\n            <\/span>\n        <\/h2>\n        [vc_toggle title=&#8221;Quale tipo di assistenza offrite?&#8221;]All\u2019Alkira puoi contare sulla calorosa ospitalit\u00e0 della <a href=\"https:\/\/www.alkiralodge-alghero.com\/it\/la-famiglia-cuccuru\/\">famiglia Cuccuru<\/a>!<br \/>\nAccoglienza multilingue (italiano, inglese madrelingua, tedesco e francese fluenti).<br \/>\nPresenza e disponibilit\u00e0 per richieste o esigenze particolari (viviamo anche noi nel Lodge).<br \/>\nInformazioni turistiche sul territorio.[\/vc_toggle][\/vc_column][\/vc_row][vc_row][vc_column]\n        <h2 class=\"lined-heading mt50\">\n            <span>\n            Prenotazione e Pagamento\n            <\/span>\n        <\/h2>\n        [vc_toggle title=&#8221;Come si pu\u00f2 prenotare?&#8221;]Puoi prenotare via <a href=\"mailto:info@alkiralodge-alghero.com\">e-mail<\/a> o chiamandoci al nr. <strong>+39 3479475622 \/ +39 3473551771<br \/>\n<\/strong>Ti invitiamo a contattarci anche solo per avere informazioni![\/vc_toggle][vc_toggle title=&#8221;In che modo posso pagare?&#8221;]A conferma della prenotazione, chiediamo un bonifico con l\u2019importo della 1^ notte di soggiorno. Saldo da versare prima dell\u2019arrivo sempre con bonifico o direttamente al momento del check in, in contanti.[\/vc_toggle][vc_toggle title=&#8221;Ci sono penalit\u00e0 se cancello la prenotazione?&#8221;]S\u00ec: tratteniamo l\u2019importo relativo alla 1^ notte a titolo di penale.[\/vc_toggle][\/vc_column][\/vc_row]\n","protected":false},"excerpt":{"rendered":"<p>[vc_row][vc_column][vc_toggle title=&#8221;Di quanti appartamenti dispone il Lodge?&#8221;]Alkira Lodge \u00e8 una piccola palazzina di 3 piani con 4 appartamenti disponibili per l\u2019affitto: 3 trilocali (Iluka, Kirra, Tau) e un bilocale (Talia).[\/vc_toggle][vc_toggle title=&#8221;Dove si trova il Lodge?&#8221;]La palazzina si trova in una tranquilla zona residenziale con parecchio verde e poco rumore (fra via Txu Terrat e via [&hellip;]<\/p>\n","protected":false},"author":1,"featured_media":0,"parent":0,"menu_order":0,"comment_status":"closed","ping_status":"closed","template":"","meta":{"footnotes":""},"class_list":["post-23","page","type-page","status-publish","hentry"],"_links":{"self":[{"href":"https:\/\/www.alkiralodge-alghero.com\/it\/wp-json\/wp\/v2\/pages\/23"}],"collection":[{"href":"https:\/\/www.alkiralodge-alghero.com\/it\/wp-json\/wp\/v2\/pages"}],"about":[{"href":"https:\/\/www.alkiralodge-alghero.com\/it\/wp-json\/wp\/v2\/types\/page"}],"author":[{"embeddable":true,"href":"https:\/\/www.alkiralodge-alghero.com\/it\/wp-json\/wp\/v2\/users\/1"}],"replies":[{"embeddable":true,"href":"https:\/\/www.alkiralodge-alghero.com\/it\/wp-json\/wp\/v2\/comments?post=23"}],"version-history":[{"count":13,"href":"https:\/\/www.alkiralodge-alghero.com\/it\/wp-json\/wp\/v2\/pages\/23\/revisions"}],"predecessor-version":[{"id":986,"href":"https:\/\/www.alkiralodge-alghero.com\/it\/wp-json\/wp\/v2\/pages\/23\/revisions\/986"}],"wp:attachment":[{"href":"https:\/\/www.alkiralodge-alghero.com\/it\/wp-json\/wp\/v2\/media?parent=23"}],"curies":[{"name":"wp","href":"https:\/\/api.w.org\/{rel}","templated":true}]}}