{"id":29,"date":"2017-06-23T14:07:13","date_gmt":"2017-06-23T12:07:13","guid":{"rendered":"http:\/\/www.alkiralodge-alghero.com\/?page_id=29"},"modified":"2017-07-21T05:42:31","modified_gmt":"2017-07-21T03:42:31","slug":"la-famiglia-cuccuru","status":"publish","type":"page","link":"https:\/\/www.alkiralodge-alghero.com\/it\/la-famiglia-cuccuru\/","title":{"rendered":"La famiglia Cuccuru"},"content":{"rendered":"[vc_row][vc_column]\n        <h2 class=\"lined-heading mt50\">\n            <span>\n            No worries\u2026 sei all\u2019Alkira Lodge!\n            <\/span>\n        <\/h2>\n        [\/vc_column][\/vc_row][vc_row][vc_column width=&#8221;2\/3&#8243;][vc_column_text]Abbiamo l\u2019Australia nel cuore. E, soprattutto, la socievolezza, <strong>il piacere di condividere, aiutare e stare con gli altri tipica della gente del Queensland<\/strong>.<\/p>\n<p>Potrebbe essere altrimenti dopo che, nella sconfinata terra dei canguri, abbiamo passato una lunga e gioiosa parte di vita? L\u00ec infatti i nostri genitori, Graziella e Costantino, entrambi di origine italiana, si sono conosciuti e sposati e l\u00ec siamo nati e cresciuti noi, Piero e Antonella, fino alla giovinezza.<br \/>\nCosicch\u00e9, quando nel 1979 siamo tornati in Sardegna, qui ad <a href=\"https:\/\/www.alkiralodge-alghero.com\/it\/alghero\/\">Alghero<\/a>, una fetta importante di ricordi ed affetti \u00e8 rimasta l\u00ec, assieme ai tanti parenti che ancora vivono in Australia.[\/vc_column_text]\n<blockquote>\n    <p><em>\" Fatti conquistare anche tu dallo spirito australiano, gioviale e accogliente, dei padroni di casa \"<\/em><\/p>\n    <span><\/span>\n<\/blockquote>[\/vc_column][vc_column width=&#8221;1\/3&#8243;]\n\n<div class=\"mfp_open\"><a href=\"https:\/\/www.alkiralodge-alghero.com\/wp-content\/uploads\/2017\/07\/RTX_1056.jpg\" title=\"\"><img decoding=\"async\" src=\"https:\/\/www.alkiralodge-alghero.com\/wp-content\/uploads\/2017\/07\/RTX_1056.jpg\" alt=\"Antonella, Graziella, Piero\" class=\"img-thumbnail img-responsive\"><\/a><\/div>\n  [\/vc_column][\/vc_row][vc_row][vc_column][vc_separator color=&#8221;white&#8221;][vc_column_text]Non sorprenderti perci\u00f2 se con noi, nella piccola, antica e fiera isola di Sardegna, <strong>oltre all\u2019inglese madrelingua, ci siam portati appresso, l\u2019apertura mentale e lo stile di vita amichevole, tollerante e rilassato<\/strong> della grande e multietnica isola australiana.<\/p>\n<p><em>\u201cNo worries, mate\u201d<\/em>. Non preoccuparti, amico.<\/p>\n<p>\u00c8 proprio con questo spirito che accogliamo i nostri ospiti all\u2019Alkira Lodge: per offrire, oltre all\u2019alloggio, un\u2019esperienza di soggiorno agevole e serena in cui la <strong>disponibilit\u00e0 non invadente <\/strong>e il<strong> piacere di ospitare <\/strong>dei padroni di casa siano il benefit aggiunto gratuito che fa la differenza per vivere con animo spensierato e leggero la tua vacanza nell\u2019affascinante <a href=\"https:\/\/www.alkiralodge-alghero.com\/it\/alghero\/\">Alghero<\/a>.[\/vc_column_text][\/vc_column][\/vc_row][vc_row][vc_column]\n        <h2 class=\"lined-heading mt50\">\n            <span>\n            Alkira: un omaggio all\u2019antica saggezza aborigena\n            <\/span>\n        <\/h2>\n        [\/vc_column][\/vc_row][vc_row][vc_column width=&#8221;1\/2&#8243;]\n\n<div class=\"mfp_open\"><a href=\"https:\/\/www.alkiralodge-alghero.com\/wp-content\/uploads\/2017\/06\/Uluru-australia.jpg\" title=\"\"><img decoding=\"async\" src=\"https:\/\/www.alkiralodge-alghero.com\/wp-content\/uploads\/2017\/06\/Uluru-australia.jpg\" alt=\"\" class=\"img-thumbnail img-responsive\"><\/a><\/div>\n  [\/vc_column][vc_column width=&#8221;1\/2&#8243;][vc_column_text]Il cielo in Australia \u00e8 diverso da qualsiasi altro cielo. \u00c8 immenso. \u00c8 pi\u00f9 vicino. Ed \u00e8 blu.<br \/>\nCe lo siam portati nel cuore <strong>ritrovando nei cieli e nel mare della Sardegna quel blu a noi cos\u00ec caro<\/strong>.<br \/>\nIntenso, vivo, autentico, coinvolgente come nessun altro blu. Un blu che unisce dal profondo due terre cos\u00ec lontane ma a loro modo cos\u00ec simili per gli emozionanti paesaggi.<\/p>\n<p><strong>Alkira \u00e8 il cielo blu degli aborigeni<\/strong>, alla cui straordinaria e millenaria cultura abbiamo voluto dedicare il nostro Lodge e gli appartamenti: la vista mare dell\u2019<a href=\"https:\/\/www.alkiralodge-alghero.com\/it\/room\/iluka\/\">Iluka<\/a>, <a href=\"https:\/\/www.alkiralodge-alghero.com\/it\/room\/talia\/\">Talia<\/a>, vicino all\u2019acqua, la leggerezza della foglia per il <a href=\"https:\/\/www.alkiralodge-alghero.com\/it\/room\/kirra\/\">Kirra<\/a>, e la magia del crepuscolo del <a href=\"https:\/\/www.alkiralodge-alghero.com\/it\/room\/tau\/\">Tau<\/a>.<\/p>\n<p>Questo \u00e8 Alkira: <strong>un cielo blu senza confini, simbolo beneaugurante di calma, libert\u00e0 ed equilibrio col quale diamo il benvenuto anche a te nel nostro Lodge<\/strong>.[\/vc_column_text][\/vc_column][\/vc_row]\n","protected":false},"excerpt":{"rendered":"<p>[vc_row][vc_column][\/vc_column][\/vc_row][vc_row][vc_column width=&#8221;2\/3&#8243;][vc_column_text]Abbiamo l\u2019Australia nel cuore. E, soprattutto, la socievolezza, il piacere di condividere, aiutare e stare con gli altri tipica della gente del Queensland. Potrebbe essere altrimenti dopo che, nella sconfinata terra dei canguri, abbiamo passato una lunga e gioiosa parte di vita? L\u00ec infatti i nostri genitori, Graziella e Costantino, entrambi di origine italiana, [&hellip;]<\/p>\n","protected":false},"author":1,"featured_media":0,"parent":0,"menu_order":0,"comment_status":"closed","ping_status":"closed","template":"","meta":{"footnotes":""},"class_list":["post-29","page","type-page","status-publish","hentry"],"_links":{"self":[{"href":"https:\/\/www.alkiralodge-alghero.com\/it\/wp-json\/wp\/v2\/pages\/29"}],"collection":[{"href":"https:\/\/www.alkiralodge-alghero.com\/it\/wp-json\/wp\/v2\/pages"}],"about":[{"href":"https:\/\/www.alkiralodge-alghero.com\/it\/wp-json\/wp\/v2\/types\/page"}],"author":[{"embeddable":true,"href":"https:\/\/www.alkiralodge-alghero.com\/it\/wp-json\/wp\/v2\/users\/1"}],"replies":[{"embeddable":true,"href":"https:\/\/www.alkiralodge-alghero.com\/it\/wp-json\/wp\/v2\/comments?post=29"}],"version-history":[{"count":17,"href":"https:\/\/www.alkiralodge-alghero.com\/it\/wp-json\/wp\/v2\/pages\/29\/revisions"}],"predecessor-version":[{"id":605,"href":"https:\/\/www.alkiralodge-alghero.com\/it\/wp-json\/wp\/v2\/pages\/29\/revisions\/605"}],"wp:attachment":[{"href":"https:\/\/www.alkiralodge-alghero.com\/it\/wp-json\/wp\/v2\/media?parent=29"}],"curies":[{"name":"wp","href":"https:\/\/api.w.org\/{rel}","templated":true}]}}