{"id":304,"date":"2017-07-10T16:29:54","date_gmt":"2017-07-10T14:29:54","guid":{"rendered":"http:\/\/www.alkiralodge-alghero.com\/?page_id=304"},"modified":"2017-08-06T04:01:27","modified_gmt":"2017-08-06T02:01:27","slug":"alghero","status":"publish","type":"page","link":"https:\/\/www.alkiralodge-alghero.com\/it\/alghero\/","title":{"rendered":"Alghero"},"content":{"rendered":"[vc_row][vc_column]\n<blockquote>\n    <p><em>\" 7 suggerimenti per una vacanza indimenticabile nella Riviera del Corallo \"<\/em><\/p>\n    <span><\/span>\n<\/blockquote>[vc_column_text]<strong>Alghero \u00e8 bella. Lo dicono tutti<\/strong>. Chi ci abita e chi ci viene da turista.<\/p>\n<p>Sai perch\u00e9 piace proprio a tutti?<br \/>\nPerch\u00e9 <strong>Alghero mette tutti d\u2019accordo<\/strong>: famiglie, bambini, giovani in cerca di divertimento, coppie in fuga romantica, sportivi, chi adora la tintarella in spiaggia e chi preferisce la vita notturna, appassionati di storia, cultura, mare e natura, amanti della buona tavola.[\/vc_column_text][\/vc_column][\/vc_row][vc_row][vc_column width=&#8221;1\/4&#8243;][\/vc_column][vc_column width=&#8221;1\/2&#8243;]\n\n<div class=\"mfp_open\"><a href=\"https:\/\/www.alkiralodge-alghero.com\/wp-content\/uploads\/2017\/07\/Capo_caccia_2274.jpg\" title=\"\"><img decoding=\"async\" src=\"https:\/\/www.alkiralodge-alghero.com\/wp-content\/uploads\/2017\/07\/Capo_caccia_2274.jpg\" alt=\"\" class=\"img-thumbnail img-responsive\"><\/a><\/div>\n  [\/vc_column][vc_column width=&#8221;1\/4&#8243;][\/vc_column][\/vc_row][vc_row][vc_column]\n<blockquote>\n    <p><em>\" Perch\u00e9 Alghero piace cos\u00ec tanto? \"<\/em><\/p>\n    <span><\/span>\n<\/blockquote>[vc_column_text]Una citt\u00e0 viva, solare, poliedrica in cui -fra panorami incredibili, immensi tramonti e intensi profumi- \u00e8 facile per ciascuno trovare una sua personale dimensione di vacanza.<br \/>\nQuale sar\u00e0 il tuo modo di vivere il soggiorno nella perla della Riviera del Corallo?<br \/>\n<strong>Cosa porterai con te fra i ricordi pi\u00f9 belli?<\/strong>\u00a0 Impossibile, di sicuro, racchiudere le svariate attrazioni ed esperienze in un unico itinerario di viaggio uguale per tutti.<\/p>\n<p>Ci siamo permessi, perci\u00f2, di scegliere ed elencare quelli che a nostro parere sono i <strong>7 must per vivere una vacanza 10 &amp; Lode<\/strong> in questa meravigliosa cittadina dall\u2019anima catalana nel cuore del Mediterraneo.<br \/>\nUna lista che sicuramente non mancherai di arricchire anche tu al termine della tua prossima vacanza nella seducente Alghero.[\/vc_column_text][\/vc_column][\/vc_row][vc_row][vc_column][vc_raw_html]JTNDZGl2JTIwc3R5bGUlM0QlMjJwb3NpdGlvbiUzQSUyMHJlbGF0aXZlJTNCJTIyJTNFJTNDYSUyMGlkJTNEJTIyY2Fwb2NhY2NpYSUyMiUyMHN0eWxlJTNEJTIycG9zaXRpb24lM0FhYnNvbHV0ZSUzQiUyMHRvcCUzQS05MHB4JTNCJTIyJTNFJTNDJTJGYSUzRSUzQyUyRmRpdiUzRQ==[\/vc_raw_html]\n        <h2 class=\"lined-heading mt50\">\n            <span>\n            1. Il panorama mozzafiato da Capo Caccia\n            <\/span>\n        <\/h2>\n        [\/vc_column][\/vc_row][vc_row][vc_column width=&#8221;2\/3&#8243;][vc_column_text]<strong>186 metri di maestoso promontorio di roccia calcarea a picco sul mare<\/strong> da cui lo sguardo sconfina sull\u2019ampio golfo di Alghero e sulla vicina isola di Foradada.<\/p>\n<p>Un panorama incredibile, da togliere il fiato, luogo di intensi silenzi e azzurri scenari, fra cielo e mare.<br \/>\nQuesta \u00e8 Capo Caccia: <a href=\"http:\/\/www.repubblica.it\/ambiente\/2015\/04\/08\/foto\/panorami_indimenticabili_il_fascino_delle_scogliere_piu_belle_del_mondo-111448893\/1\/#73\" target=\"_blank\" rel=\"noopener\">una delle 25 scogliere pi\u00f9 belle, imponenti e spettacolari al mondo<\/a> , simbolo di Alghero e della Riviera del Corallo, che segna il punto pi\u00f9 estremo della costa nord occidentale.<\/p>\n<p>Affacciarsi dalle strapiombanti pareti della falesia regala emozioni e spettacoli unici: \u00e8 tuffarsi nella grandiosa solitudine del mare, ritmata dal frangersi delle onde sulle rocce e dal regale volteggiare sulle cime di aquile, falchi e grifoni.<\/p>\n<p>Capo Caccia, il \u201cgigante addormentato\u201d che fa da sfondo agli <strong>indimenticabili tramonti sul blu per cui Alghero \u00e8 famosa<\/strong>, fa parte dell\u2019<a href=\"http:\/\/www.ampcapocaccia.it\/\" target=\"_blank\" rel=\"noopener\">Area marina protetta di Capo Caccia \u2013 Isola Piana<\/a> e del <a href=\"http:\/\/www.parcodiportoconte.it\/visita-il-parco.aspx?ver=it\" target=\"_blank\" rel=\"noopener\">Parco regionale di Porto Conte<\/a>. 5350 ettari di superfice e 60 km di costa con una vetrina di paesaggi ineguagliabili in Europa, in quello che il grande naturalista francese <a href=\"https:\/\/it.wikipedia.org\/wiki\/Jacques-Yves_Cousteau\" target=\"_blank\" rel=\"noopener\">Jacques Cousteau<\/a> defin\u00ec \u201c<strong>uno degli angoli pi\u00f9 belli del Mediterraneo<\/strong>\u201d.[\/vc_column_text][\/vc_column][vc_column width=&#8221;1\/3&#8243;]\n\n<div class=\"mfp_open\"><a href=\"https:\/\/www.alkiralodge-alghero.com\/wp-content\/uploads\/2017\/07\/10.png\" title=\"\"><img decoding=\"async\" src=\"https:\/\/www.alkiralodge-alghero.com\/wp-content\/uploads\/2017\/07\/10.png\" alt=\"\" class=\"img-thumbnail img-responsive\"><\/a><\/div>\n  [\/vc_column][\/vc_row][vc_row][vc_column]\n        <h2 class=\"lined-heading mt50\">\n            <span>\n            2. Le passeggiate in centro storico e sui Bastioni\n            <\/span>\n        <\/h2>\n        [\/vc_column][\/vc_row][vc_row][vc_column width=&#8221;1\/4&#8243;]\n\n<div class=\"mfp_open\"><a href=\"https:\/\/www.alkiralodge-alghero.com\/wp-content\/uploads\/2017\/07\/96373719.jpg\" title=\"\"><img decoding=\"async\" src=\"https:\/\/www.alkiralodge-alghero.com\/wp-content\/uploads\/2017\/07\/96373719.jpg\" alt=\"\" class=\"img-thumbnail img-responsive\"><\/a><\/div>\n  [\/vc_column][vc_column width=&#8221;3\/4&#8243;][vc_column_text]<em>Alguer vella<\/em>. Cos\u00ec gli Algheresi chiamano il <strong>cuore catalano-aragonese<\/strong> della loro citt\u00e0.<\/p>\n<p>Un susseguirsi di vicoli lastricati, palazzi, chiese e piazze dalle dolci tonalit\u00e0 color miele circondati dalle vecchie cinta murarie protese verso il Mediterraneo. \u00c8 meraviglioso scoprire il fascino medioevale della <strong><em>Barceloneta <\/em>di Sardegna<\/strong> passeggiando con occhio curioso e senza meta fra le sue vie intrise di storia e salsedine.<\/p>\n<p>Un felice connubio architettonico fra stile gotico, rinascimentale, barocco e neoclassico in cui si aprono le vie dello shopping: laboratori artigiani con le loro tipiche creazioni orafe di <strong>corallo rosso e filigrane<\/strong>, <strong>botteghe dalle antiche volte a botte<\/strong>, caff\u00e8 e ristoranti coi loro irresistibili profumi di cucina mediterranea, librerie e prestigiose sartorie.<\/p>\n<p><strong>Un grande museo all\u2019aperto<\/strong> custodito gelosamente dagli assalti degli invasori e dei secoli dalle solide mura delle torri e dei bastioni affacciati sul mare, ideali per camminare leggeri, senza stress nella cornice fuori dal tempo di quest\u2019antica <strong>citt\u00e0 fortezza<\/strong>.[\/vc_column_text][\/vc_column][\/vc_row][vc_row][vc_column]\n        <h2 class=\"lined-heading mt50\">\n            <span>\n            3. Le spiagge e il mare\n            <\/span>\n        <\/h2>\n        [\/vc_column][\/vc_row][vc_row][vc_column width=&#8221;2\/3&#8243;][vc_column_text]<strong>90 km di costa e una ventina di spiagge<\/strong> dalla bellezza straordinaria: morbidi arenili di sabbia bianca, piccole insenature circondate dagli scogli, calette solitarie e selvagge, alcune delle quali raggiungibili solo via mare.<\/p>\n<p><strong>Il mare ad Alghero \u00e8 sempre a portata di mano<\/strong>. Da sud a nord, un\u2019infinit\u00e0 di azzurri paesaggi dalle intense trasparenze \u00a0dove ciascuno, dai bambini allo sportivo, pu\u00f2 trovare il \u201csuo mare\u201d: sdraiati a prendere il sole nei tanti stabilimenti attrezzati, da vivere sulla pelle praticando sport acquatici (windsurf, kitesurf, vela, sci nautico, pesca sportiva, immersioni fra i pi\u00f9 apprezzati) o, semplicemente, da godere con una piacevole passeggiata sul lungomare.<\/p>\n<p>Comode e belle le spiagge presenti in citt\u00e0 (spiaggia di San Giovanni, Lido, nonch\u00e9 la spiaggetta urbana di Las Tronas, a 500 mt dall\u2019Alkira Lodge), magnifiche le dune di sabbia bianca e i secolari ginepri modellati dal vento della <strong>pineta di Maria Pia<\/strong>, spettacolari <strong>Le Bombarde, Lazzaretto e Mugoni<\/strong>, con la loro imperdibile cornice di natura mediterranea, dai panorami incredibili quelle in direzione sud verso Bosa, come ad esempio la spiaggia di <strong>Poglina<\/strong>. Un consiglio? Esplorale tutte se vuoi arricchire di mille tonalit\u00e0 di blu la tua vacanza![\/vc_column_text][\/vc_column][vc_column width=&#8221;1\/3&#8243;]\n\n<div class=\"mfp_open\"><a href=\"https:\/\/www.alkiralodge-alghero.com\/wp-content\/uploads\/2017\/07\/spiaggia_maria_pia_f4fa6a4972_b.jpg\" title=\"\"><img decoding=\"async\" src=\"https:\/\/www.alkiralodge-alghero.com\/wp-content\/uploads\/2017\/07\/spiaggia_maria_pia_f4fa6a4972_b.jpg\" alt=\"\" class=\"img-thumbnail img-responsive\"><\/a><\/div>\n  [\/vc_column][\/vc_row][vc_row][vc_column]\n        <h2 class=\"lined-heading mt50\">\n            <span>\n            4. I percorsi archeologici fra nuraghi e necropoli\n            <\/span>\n        <\/h2>\n        [\/vc_column][\/vc_row][vc_row][vc_column width=&#8221;1\/4&#8243;]\n\n<div class=\"mfp_open\"><a href=\"https:\/\/www.alkiralodge-alghero.com\/wp-content\/uploads\/2017\/07\/Necropoli-Anghelu-Ruju.jpg\" title=\"\"><img decoding=\"async\" src=\"https:\/\/www.alkiralodge-alghero.com\/wp-content\/uploads\/2017\/07\/Necropoli-Anghelu-Ruju.jpg\" alt=\"\" class=\"img-thumbnail img-responsive\"><\/a><\/div>\n  [\/vc_column][vc_column width=&#8221;3\/4&#8243;][vc_column_text]Sardegna e nuraghi: un legame unico e indissolubile. Dell\u2019antica e in parte ancora inesplorata civilt\u00e0 nuragica che si svilupp\u00f2 nella nostra isola dall\u2019et\u00e0 del bronzo fino al II secolo a.C. resta testimonianza negli <strong>oltre 7.000 nuraghi<\/strong> disseminati lungo tutta la regione.<br \/>\nIl <a href=\"http:\/\/www.algheroturismo.eu\/city\/alghero\/listing\/villaggio-nuragico-palmavera\/\" target=\"_blank\" rel=\"noopener\">complesso nuragico di Palmavera<\/a>, a soli 1,5 km dal mare nel <a href=\"http:\/\/www.parcodiportoconte.it\/\" target=\"_blank\" rel=\"noopener\">Parco di Porto Conte<\/a>, \u00e8 uno fra i pi\u00f9 importanti che questo popolo ci ha lasciato in eredit\u00e0.<br \/>\n<strong>Un intero villaggio di quasi 4.000 anni fa, avvolto dalla leggenda<\/strong>, costituito da un corpo centrale con due torri, circondate da un antemurale e da numerose capanne (circa 50 quelle rimaste ancora visitabili).<\/p>\n<p>A poca distanza, sempre nella baia di Porto Conte, potrai visitare anche il sito nuragico di Sant\u2019Imbenia, ubicato nel pi\u00f9 antico scalo marittimo fenicio dell\u2019isola.<br \/>\nMentre la <a href=\"http:\/\/www.algheroturismo.eu\/city\/alghero\/listing\/necropoli-anghelu-ruju\/\" target=\"_blank\" rel=\"noopener\">necropoli di Anghelu Ruju<\/a>, situata ugualmente a pochi km dalla citt\u00e0, permette di fare un salto ancora pi\u00f9 indietro nel tempo: un\u2019area archeologica <strong>con 38 tombe risalenti al 3.200 \u2013 2.800 a.C<\/strong>. all\u2019interno di una vallata rocciosa che offre un affascinante excursus nel misterioso periodo pre nuragico.[\/vc_column_text][\/vc_column][\/vc_row][vc_row][vc_column][vc_raw_html]JTNDZGl2JTIwc3R5bGUlM0QlMjJwb3NpdGlvbiUzQSUyMHJlbGF0aXZlJTNCJTIyJTNFJTNDYSUyMGlkJTNEJTIybmV0dHVubyUyMiUyMHN0eWxlJTNEJTIycG9zaXRpb24lM0FhYnNvbHV0ZSUzQiUyMHRvcCUzQS05MHB4JTNCJTIyJTNFJTNDJTJGYSUzRSUzQyUyRmRpdiUzRQ==[\/vc_raw_html]\n        <h2 class=\"lined-heading mt50\">\n            <span>\n            5. Le Grotte di Nettuno\n            <\/span>\n        <\/h2>\n        [\/vc_column][\/vc_row][vc_row][vc_column width=&#8221;2\/3&#8243;][vc_column_text]Le <a href=\"http:\/\/www.algheroturismo.eu\/city\/alghero\/listing\/grotte-di-nettuno\/\" target=\"_blank\" rel=\"noopener\">Grotte di Nettuno<\/a> \u00a0-le pi\u00f9 grandi della Sardegna- sono uno spettacolo della natura assolutamente da non perdere.<\/p>\n<p><strong>Una grotta calcarea direttamente sul mare<\/strong>, sulla parete di <a href=\"https:\/\/www.sardegnaturismo.it\/it\/esplora\/capo-caccia-isola-piana\" target=\"_blank\" rel=\"noopener\">Capo Caccia<\/a>, che merita di sicuro una visita: in battello o, per i pi\u00f9 sportivi, a piedi. Gi\u00e0, perch\u00e9 oltre a poter raggiungere questo incredibile patrimonio naturale sotterraneo via mare, i <strong>656 gradini dell\u2019<em>Escala del Cabirol<\/em><\/strong> offrono l\u2019opportunit\u00e0 di <strong>panorami ed emozioni mozzafiato<\/strong> anche ai pi\u00f9 avventurosi.<\/p>\n<p>Emozioni che proseguono all\u2019interno, lungo\u00a0<strong>4 km di assoluta meraviglia<\/strong>: ampi saloni, laghetti sotterranei, colonne, gallerie, stalattiti e stalagmiti sono l\u2019incantevole scenario che accoglie i visitatori col loro immancabile stupore.[\/vc_column_text][\/vc_column][vc_column width=&#8221;1\/3&#8243;]\n\n<div class=\"mfp_open\"><a href=\"https:\/\/www.alkiralodge-alghero.com\/wp-content\/uploads\/2017\/07\/Grotta_di_nettuno_sardinien.jpg\" title=\"\"><img decoding=\"async\" src=\"https:\/\/www.alkiralodge-alghero.com\/wp-content\/uploads\/2017\/07\/Grotta_di_nettuno_sardinien.jpg\" alt=\"\" class=\"img-thumbnail img-responsive\"><\/a><\/div>\n  [\/vc_column][\/vc_row][vc_row][vc_column]\n        <h2 class=\"lined-heading mt50\">\n            <span>\n            6. Le escursioni naturalistiche nel Parco di Porto Conte\n            <\/span>\n        <\/h2>\n        [\/vc_column][\/vc_row][vc_row][vc_column width=&#8221;1\/4&#8243;]\n\n<div class=\"mfp_open\"><a href=\"https:\/\/www.alkiralodge-alghero.com\/wp-content\/uploads\/2017\/07\/parcoportoconte.jpg\" title=\"\"><img decoding=\"async\" src=\"https:\/\/www.alkiralodge-alghero.com\/wp-content\/uploads\/2017\/07\/parcoportoconte.jpg\" alt=\"\" class=\"img-thumbnail img-responsive\"><\/a><\/div>\n  [\/vc_column][vc_column width=&#8221;3\/4&#8243;][vc_column_text]La Foresta demaniale \u201cLe Prigionette\u201d, conosciuta come <a href=\"http:\/\/www.visit-alghero.com\/scopri-alghero\/la-natura-e-i-parchi_riserva-arca-di-noe.html\" target=\"_blank\" rel=\"noopener\">\u201cArca di No\u00e8\u201d,<\/a> nel cuore del <a href=\"http:\/\/www.parcodiportoconte.it\/\" target=\"_blank\" rel=\"noopener\">Parco di Porto Conte<\/a>, permette di vivere intense esperienze a contatto con la vibrante natura di quest\u2019area, famosa per la <strong>bellezza dei suoi paesaggi e per l\u2019unicit\u00e0 della sua flora e della sua fauna<\/strong>.<\/p>\n<p>All\u2019interno dell\u2019Arca, infatti, avvolti dai profumi di piante endemiche e arbusti tipici della macchia mediterranea, \u00e8 facile incontrare daini, cinghiali, lepri, nonch\u00e9 i rinomati <strong>asinelli bianchi dell\u2019Asinara e i cavallini selvaggi della Giara<\/strong>, che qui vivono in totale libert\u00e0.<br \/>\nUn ambiente naturale straordinario, perfetto per regalarsi ore spensierate e avventurose coi bambini e per dedicarsi al <strong>trekking<\/strong>: tanti, infatti, i <strong>percorsi e i sentieri \u00a0per tutti i tipi di escursionismo<\/strong> (a piedi, in bici, in auto) per esplorare ogni angolo del Parco, fino alle spettacolari scogliere strapiombanti sul mare.[\/vc_column_text][\/vc_column][\/vc_row][vc_row][vc_column]\n        <h2 class=\"lined-heading mt50\">\n            <span>\n            7. Un &#8220;Wine &amp; Olive Oil tasting&#8221; fra poderi e cantine\n            <\/span>\n        <\/h2>\n        [\/vc_column][\/vc_row][vc_row][vc_column width=&#8221;2\/3&#8243;][vc_column_text]Non \u00e8 vera vacanza senza qualche gustosa sosta enogastronomica. E <strong>dalla Riviera del Corallo, i buongustai\u00a0 possono ripartire pi\u00f9 che soddisfatti!<\/strong> Il mare, gli orti, le vigne e gli ulivi che circondano Alghero, infatti, sono la genuina fonte da cui attinge a piene mani la deliziosa cucina locale, basata su <strong>piatti e sapori tipicamente mediterranei<\/strong>.<br \/>\nPer questo, oltre a consigliarti di assaporarli nei tanti, ottimi ristoranti e agriturismo presenti in zona, anche una visita diretta in un\u2019azienda agricola o in qualche buona cantina di vini pu\u00f2 arricchire di gusto e sapere la vacanza.<\/p>\n<p>Il <a href=\"http:\/\/www.margallo.it\/\" target=\"_blank\" rel=\"noopener\">Wine Resort Led\u00e0 d\u2019Ittiri<\/a>, ad esempio, \u00e8 <strong>un\u2019antica casa colonica immersa nel verde di una tenuta di 18 ettari: <\/strong>tutti i pomeriggi, su prenotazione, propone un ghiotto ed interessante <a href=\"http:\/\/www.margallo.it\/winetour.asp\" target=\"_blank\" rel=\"noopener\">Wine &amp; Olive oil tour<\/a> attraverso il vigneto e l\u2019oliveto di famiglia alla scoperta dei metodi di produzione aziendali. A seguire, nella bella cornice di un\u2019ampia sala con arredi artigianali d\u2019epoca, una <strong>degustazione guidata dei vini e dell\u2019olio di propriet\u00e0 accompagnati da pane, salumi e formaggi locali.<br \/>\n<\/strong>Anche <a href=\"http:\/\/www.poderiparpinello.it\" target=\"_blank\" rel=\"noopener\">Poderi Parpinello<\/a>, una tenuta di 20 ettari di vigneto con annesso oliveto, propone agli amanti del vino e della campagna visite guidate alla cantina e degustazioni dei vini e dell\u2019olio aziendali, in abbinamento a prodotti tipici locali, all\u2019ombra di affascinanti querce centenarie.<\/p>\n<p>Ugualmente merita una visita la storica cantina <a href=\"http:\/\/www.sellaemosca.it\/it\/ospitalita.php?id_cat=22\" target=\"_blank\" rel=\"noopener\">Sella &amp; Mosca<u><\/u><\/a>, punta d\u2019<strong>eccellenza dell\u2019enologia<\/strong> in Sardegna coi suoi rinomati vini, apprezzati dagli estimatori e dalla critica specializzata. Vini da decenni ai massimi livelli, grazie alla cura nella selezione delle uve e dei processi di vinificazione e affinamento. Il tour con guida esperta prevede fra l\u2019altro, oltre ai calici di degustazione, una visita alla suggestiva cantina storica del 1903 ed all\u2019interessante Museo di storia aziendale, egregiamente conservato.[\/vc_column_text][\/vc_column][vc_column width=&#8221;1\/3&#8243;]\n\n<div class=\"mfp_open\"><a href=\"https:\/\/www.alkiralodge-alghero.com\/wp-content\/uploads\/2017\/07\/wine-olive-tasting-margallo.jpg\" title=\"\"><img decoding=\"async\" src=\"https:\/\/www.alkiralodge-alghero.com\/wp-content\/uploads\/2017\/07\/wine-olive-tasting-margallo.jpg\" alt=\"\" class=\"img-thumbnail img-responsive\"><\/a><\/div>\n  [\/vc_column][\/vc_row][vc_row][vc_column]\n        <h2 class=\"lined-heading mt50\">\n            <span>\n            Tuffati subito nelle emozioni! Vieni ad Alghero!\n            <\/span>\n        <\/h2>\n        [vc_video link=&#8221;https:\/\/www.youtube.com\/watch?v=_vFHpewa7Ws&#8221; align=&#8221;center&#8221;][\/vc_column][\/vc_row]\n","protected":false},"excerpt":{"rendered":"<p>[vc_row][vc_column][vc_column_text]Alghero \u00e8 bella. Lo dicono tutti. Chi ci abita e chi ci viene da turista. Sai perch\u00e9 piace proprio a tutti? Perch\u00e9 Alghero mette tutti d\u2019accordo: famiglie, bambini, giovani in cerca di divertimento, coppie in fuga romantica, sportivi, chi adora la tintarella in spiaggia e chi preferisce la vita notturna, appassionati di storia, cultura, mare [&hellip;]<\/p>\n","protected":false},"author":1,"featured_media":0,"parent":0,"menu_order":0,"comment_status":"closed","ping_status":"closed","template":"","meta":{"footnotes":""},"class_list":["post-304","page","type-page","status-publish","hentry"],"_links":{"self":[{"href":"https:\/\/www.alkiralodge-alghero.com\/it\/wp-json\/wp\/v2\/pages\/304"}],"collection":[{"href":"https:\/\/www.alkiralodge-alghero.com\/it\/wp-json\/wp\/v2\/pages"}],"about":[{"href":"https:\/\/www.alkiralodge-alghero.com\/it\/wp-json\/wp\/v2\/types\/page"}],"author":[{"embeddable":true,"href":"https:\/\/www.alkiralodge-alghero.com\/it\/wp-json\/wp\/v2\/users\/1"}],"replies":[{"embeddable":true,"href":"https:\/\/www.alkiralodge-alghero.com\/it\/wp-json\/wp\/v2\/comments?post=304"}],"version-history":[{"count":37,"href":"https:\/\/www.alkiralodge-alghero.com\/it\/wp-json\/wp\/v2\/pages\/304\/revisions"}],"predecessor-version":[{"id":690,"href":"https:\/\/www.alkiralodge-alghero.com\/it\/wp-json\/wp\/v2\/pages\/304\/revisions\/690"}],"wp:attachment":[{"href":"https:\/\/www.alkiralodge-alghero.com\/it\/wp-json\/wp\/v2\/media?parent=304"}],"curies":[{"name":"wp","href":"https:\/\/api.w.org\/{rel}","templated":true}]}}