{"id":33,"date":"2017-06-23T14:15:33","date_gmt":"2017-06-23T12:15:33","guid":{"rendered":"http:\/\/www.alkiralodge-alghero.com\/?page_id=33"},"modified":"2017-07-21T12:51:43","modified_gmt":"2017-07-21T10:51:43","slug":"la-struttura","status":"publish","type":"page","link":"https:\/\/www.alkiralodge-alghero.com\/it\/la-struttura\/","title":{"rendered":"La struttura"},"content":{"rendered":"[vc_row][vc_column]\n        <h3 class=\"lined-heading mt50\">\n            <span>\n            Silenzio, verde e tante comodit\u00e0\n            <\/span>\n        <\/h3>\n        [\/vc_column][\/vc_row][vc_row][vc_column width=&#8221;1\/2&#8243;][vc_column_text]Alkira Lodge \u00e8 una piccola palazzina di 3 piani interamente ristrutturata nel 2016 (sia esternamente che all\u2019interno) di propriet\u00e0 della famiglia Cuccuru: qui, infatti, oltre ai\u00a0 4 appartamenti disponibili per l\u2019affitto, abbiamo casa anche noi con le nostre rispettive famiglie.<br \/>\nUna presenza che \u00e8 un vero vantaggio per gli ospiti: perch\u00e9 aver cura degli spazi comuni \u00e8 una personale e assoluta priorit\u00e0, e perch\u00e9 <strong>nel palazzo puoi sempre facilmente trovare qualcuno della famiglia, se hai bisogno di informazioni <\/strong>o per richieste particolari.<\/p>\n<p>Ubicato all\u2019incrocio fra <a href=\"https:\/\/www.alkiralodge-alghero.com\/it\/la-posizione\/\">via Toda e via Txu Terrat<\/a>, due piccole e tranquille vie in una zona residenziale a sud della citt\u00e0, beneficia del <strong>silenzio<\/strong>, del<strong> verde <\/strong>e del<strong> gradevole ambiente circostante<\/strong>. Poco il traffico, infatti, buona la presenza di alberi e piante, <strong>comodissimo l\u2019ampio parcheggio gratuito<\/strong> disponibile nella prospiciente piazzetta Cao che invita a mollare l\u2019auto e spostarsi a piedi verso <strong>il centro, distante il tempo di una piacevole camminata<\/strong> (circa 15 minuti).[\/vc_column_text][\/vc_column][vc_column width=&#8221;1\/2&#8243;]\n\n<div class=\"mfp_open\"><a href=\"https:\/\/www.alkiralodge-alghero.com\/wp-content\/uploads\/2017\/07\/RTX_0766.jpg\" title=\"\"><img decoding=\"async\" src=\"https:\/\/www.alkiralodge-alghero.com\/wp-content\/uploads\/2017\/07\/RTX_0766.jpg\" alt=\"\" class=\"img-thumbnail img-responsive\"><\/a><\/div>\n  [\/vc_column][\/vc_row][vc_row][vc_column]\n        <h3 class=\"lined-heading mt50\">\n            <span>\n            Appartamenti dallo stile moderno e funzionale, luminosi e con ogni comfort, per un vacanza di vero relax\n            <\/span>\n        <\/h3>\n        [\/vc_column][\/vc_row][vc_row][vc_column width=&#8221;1\/2&#8243;]\n\n<div class=\"mfp_open\"><a href=\"https:\/\/www.alkiralodge-alghero.com\/wp-content\/uploads\/2017\/07\/RTX_0634.jpg\" title=\"\"><img decoding=\"async\" src=\"https:\/\/www.alkiralodge-alghero.com\/wp-content\/uploads\/2017\/07\/RTX_0634.jpg\" alt=\"\" class=\"img-thumbnail img-responsive\"><\/a><\/div>\n  [\/vc_column][vc_column width=&#8221;1\/2&#8243;][vc_column_text]Due degli appartamenti hanno ingresso da via Toda: <a href=\"https:\/\/www.alkiralodge-alghero.com\/it\/room\/talia\/\">Talia<\/a> al piano terra e <a href=\"https:\/\/www.alkiralodge-alghero.com\/it\/room\/iluka\/\">Iluka<\/a> al 1\u00b0 piano; da via Txu Terrat si accede, invece, agli appartamenti <a href=\"https:\/\/www.alkiralodge-alghero.com\/it\/room\/kirra\/\">Kirra<\/a> (1\u00b0 piano) e <a href=\"https:\/\/www.alkiralodge-alghero.com\/it\/room\/tau\/\">Tau<\/a> (2\u00b0 piano).<br \/>\n<strong>Completamente arredati e accessoriati<\/strong>, gli appartamenti dispongono di un\u2019ottima cucina attrezzata e di un mobilio nuovo, moderno e funzionale, in cui si inseriscono gradevolmente raffinati elementi di decoro in stile sardo.<\/p>\n<p><strong>Tutti sono luminosi<\/strong> e con un\u2019ottima esposizione al sole, grazie alla favorevole posizione ad angolo del palazzo. Tutti hanno terrazzi vivibili, arredati con tavolo, sedie o poltroncine per piacevoli momenti di relax anche all\u2019aperto. Dall\u2019<a href=\"https:\/\/www.alkiralodge-alghero.com\/it\/room\/iluka\/\">Iluka<u><\/u><\/a>, si gode, inoltre, di una<strong> bella vista sul mare<\/strong> e sul promontorio di <a href=\"https:\/\/www.alkiralodge-alghero.com\/it\/alghero\/#capocaccia\">Capo Caccia<\/a>, meraviglioso e incantevole specie al tramonto.<br \/>\nSe sarai ospite all\u2019Iluka, metti in conto, perci\u00f2, qualche sera, la possibilit\u00e0 di gustare direttamente dalla tua terrazza il commovente spettacolo dell\u2019infuocato inabissarsi degli ultimi raggi di sole, sospesi fra cielo e mare.[\/vc_column_text][\/vc_column][\/vc_row]\n","protected":false},"excerpt":{"rendered":"<p>[vc_row][vc_column][\/vc_column][\/vc_row][vc_row][vc_column width=&#8221;1\/2&#8243;][vc_column_text]Alkira Lodge \u00e8 una piccola palazzina di 3 piani interamente ristrutturata nel 2016 (sia esternamente che all\u2019interno) di propriet\u00e0 della famiglia Cuccuru: qui, infatti, oltre ai\u00a0 4 appartamenti disponibili per l\u2019affitto, abbiamo casa anche noi con le nostre rispettive famiglie. Una presenza che \u00e8 un vero vantaggio per gli ospiti: perch\u00e9 aver cura degli [&hellip;]<\/p>\n","protected":false},"author":1,"featured_media":0,"parent":0,"menu_order":0,"comment_status":"closed","ping_status":"closed","template":"","meta":{"footnotes":""},"class_list":["post-33","page","type-page","status-publish","hentry"],"_links":{"self":[{"href":"https:\/\/www.alkiralodge-alghero.com\/it\/wp-json\/wp\/v2\/pages\/33"}],"collection":[{"href":"https:\/\/www.alkiralodge-alghero.com\/it\/wp-json\/wp\/v2\/pages"}],"about":[{"href":"https:\/\/www.alkiralodge-alghero.com\/it\/wp-json\/wp\/v2\/types\/page"}],"author":[{"embeddable":true,"href":"https:\/\/www.alkiralodge-alghero.com\/it\/wp-json\/wp\/v2\/users\/1"}],"replies":[{"embeddable":true,"href":"https:\/\/www.alkiralodge-alghero.com\/it\/wp-json\/wp\/v2\/comments?post=33"}],"version-history":[{"count":7,"href":"https:\/\/www.alkiralodge-alghero.com\/it\/wp-json\/wp\/v2\/pages\/33\/revisions"}],"predecessor-version":[{"id":648,"href":"https:\/\/www.alkiralodge-alghero.com\/it\/wp-json\/wp\/v2\/pages\/33\/revisions\/648"}],"wp:attachment":[{"href":"https:\/\/www.alkiralodge-alghero.com\/it\/wp-json\/wp\/v2\/media?parent=33"}],"curies":[{"name":"wp","href":"https:\/\/api.w.org\/{rel}","templated":true}]}}