{"id":35,"date":"2017-06-23T14:21:54","date_gmt":"2017-06-23T12:21:54","guid":{"rendered":"http:\/\/www.alkiralodge-alghero.com\/?page_id=35"},"modified":"2017-08-06T01:10:16","modified_gmt":"2017-08-05T23:10:16","slug":"la-posizione","status":"publish","type":"page","link":"https:\/\/www.alkiralodge-alghero.com\/it\/la-posizione\/","title":{"rendered":"La posizione"},"content":{"rendered":"[vc_row][vc_column]\n<blockquote>\n    <p><em>\"Perfetto per muoversi a piedi o in bici \"<\/em><\/p>\n    <span><\/span>\n<\/blockquote>[vc_column_text]La posizione dell\u2019Alkira Lodge \u00e8 <strong>uno dei punti di forza pi\u00f9 apprezzati <\/strong>dagli ospiti.<br \/>\nSe la tranquillit\u00e0 della zona favorisce il relax e il riposo quando si \u00e8 a casa, consente comunque di tuffarsi nell\u2019animata vita cittadina altrettanto agevolmente: <strong>non pi\u00f9 di un quarto d\u2019ora per raggiungere sia il rinomato centro storico<\/strong> di Alghero (distante 1,4 km), il porto ed alcune spiagge in citt\u00e0 (spiaggetta Las Tronas a 700 mt., Lido a 2 km).<\/p>\n<p>Una <strong>posizione ideale per vivere una vacanza attiva<\/strong>: piacevoli i percorsi nelle immediate vicinanze sia per fare jogging fra le vie alberate e il mare, sia per muoversi in bici.<br \/>\nDal lungomare Dante (ubicato ad appena 500 mt dall\u2019Alkira), costeggiando la citt\u00e0 e il mare per ben 11 km, si snoda infatti una <strong>panoramicissima pista ciclabile<\/strong> che ha il suo terminal nelle magnifiche spiagge de Le Bombarde e Lazzaretto, a nord di Alghero.[\/vc_column_text]\n<blockquote>\n    <p><em>\"A soli 15 minuti di camminata dal centro e con comode soluzioni per arrivare in spiaggia \"<\/em><\/p>\n    <span><\/span>\n<\/blockquote>[vc_column_text]<strong>Facile, comunque, raggiungere le spiagge senza usare l\u2019auto<\/strong> anche per i \u201cmeno sportivi\u201d: col <a href=\"http:\/\/www.cattognobus.it\/beachbus\/\" target=\"_blank\" rel=\"noopener\">Beach Bus Alghero<\/a> (fermata pi\u00f9 vicina Lungomare Valencia, a soli 500 mt dai nostri appartamenti) puoi scoprire le bellezze di tutte le spiagge della costa nord, fino a Capo Caccia (punto di accesso via terra per le <a href=\"https:\/\/www.alkiralodge-alghero.com\/it\/alghero\/#nettuno\">Grotte di Nettuno<\/a>) e Porticciolo grazie ad un comodo collegamento con <strong>bus navetta<\/strong> (attivo dal 1 giugno al 15 settembre tutti i giorni dalle h. 8 alle h. 24).[\/vc_column_text][\/vc_column][\/vc_row][vc_row][vc_column]\n    <div id=\"map\">\n    <\/div>[vc_separator][\/vc_column][\/vc_row][vc_row][vc_column][vc_column_text]Inoltre, la <strong>zona \u00e8 ben servita anche dal punto di vista commerciale<\/strong>: supermarket, macelleria, un\u2019ottima pasticceria, bar, salone parrucchieri, parafarmacia, panetteria e numerosi ristoranti offrono occasioni piacevoli per lo shopping e per le pause di ristoro.[\/vc_column_text]\n<blockquote>\n    <p><em>\"Arrivi in aereo? \"<\/em><\/p>\n    <span><\/span>\n<\/blockquote>[vc_column_text]Se arrivi in aereo, dal terminal di Alghero <strong>Fertilia<\/strong> (15 km dall\u2019Alkira Lodge) puoi raggiungerci in auto o con servizio taxi (in circa 20 minuti), o col bus navetta pubblico (Linea Alfa, con partenze ogni ora dalle h.5.20 alle h. 23.15, capolinea in via Catalogna).<br \/>\nSe desideri maggiori informazioni su come raggiungerci, non esitare a chiamarci![\/vc_column_text][\/vc_column][\/vc_row]\n","protected":false},"excerpt":{"rendered":"<p>[vc_row][vc_column][vc_column_text]La posizione dell\u2019Alkira Lodge \u00e8 uno dei punti di forza pi\u00f9 apprezzati dagli ospiti. Se la tranquillit\u00e0 della zona favorisce il relax e il riposo quando si \u00e8 a casa, consente comunque di tuffarsi nell\u2019animata vita cittadina altrettanto agevolmente: non pi\u00f9 di un quarto d\u2019ora per raggiungere sia il rinomato centro storico di Alghero (distante [&hellip;]<\/p>\n","protected":false},"author":1,"featured_media":0,"parent":0,"menu_order":0,"comment_status":"closed","ping_status":"closed","template":"","meta":{"footnotes":""},"class_list":["post-35","page","type-page","status-publish","hentry"],"_links":{"self":[{"href":"https:\/\/www.alkiralodge-alghero.com\/it\/wp-json\/wp\/v2\/pages\/35"}],"collection":[{"href":"https:\/\/www.alkiralodge-alghero.com\/it\/wp-json\/wp\/v2\/pages"}],"about":[{"href":"https:\/\/www.alkiralodge-alghero.com\/it\/wp-json\/wp\/v2\/types\/page"}],"author":[{"embeddable":true,"href":"https:\/\/www.alkiralodge-alghero.com\/it\/wp-json\/wp\/v2\/users\/1"}],"replies":[{"embeddable":true,"href":"https:\/\/www.alkiralodge-alghero.com\/it\/wp-json\/wp\/v2\/comments?post=35"}],"version-history":[{"count":14,"href":"https:\/\/www.alkiralodge-alghero.com\/it\/wp-json\/wp\/v2\/pages\/35\/revisions"}],"predecessor-version":[{"id":682,"href":"https:\/\/www.alkiralodge-alghero.com\/it\/wp-json\/wp\/v2\/pages\/35\/revisions\/682"}],"wp:attachment":[{"href":"https:\/\/www.alkiralodge-alghero.com\/it\/wp-json\/wp\/v2\/media?parent=35"}],"curies":[{"name":"wp","href":"https:\/\/api.w.org\/{rel}","templated":true}]}}